{"id":1934,"date":"2019-11-04T11:31:07","date_gmt":"2019-11-04T09:31:07","guid":{"rendered":"https:\/\/dev.space4games.com\/?page_id=1934"},"modified":"2025-07-10T13:26:14","modified_gmt":"2025-07-10T11:26:14","slug":"impressum","status":"publish","type":"page","link":"https:\/\/space4games.com\/de\/impressum\/","title":{"rendered":"Impressum"},"content":{"rendered":"\t\t<div data-elementor-type=\"wp-page\" data-elementor-id=\"1934\" class=\"elementor elementor-1934\" data-elementor-post-type=\"page\">\n\t\t\t\t\t\t<section class=\"elementor-section elementor-top-section elementor-element elementor-element-2f5bf26 elementor-section-boxed elementor-section-height-default elementor-section-height-default\" data-id=\"2f5bf26\" data-element_type=\"section\" data-settings=\"{&quot;jet_parallax_layout_list&quot;:[{&quot;jet_parallax_layout_image&quot;:{&quot;url&quot;:&quot;&quot;,&quot;id&quot;:&quot;&quot;,&quot;size&quot;:&quot;&quot;},&quot;_id&quot;:&quot;330cf3b&quot;,&quot;jet_parallax_layout_image_tablet&quot;:{&quot;url&quot;:&quot;&quot;,&quot;id&quot;:&quot;&quot;,&quot;size&quot;:&quot;&quot;},&quot;jet_parallax_layout_image_mobile&quot;:{&quot;url&quot;:&quot;&quot;,&quot;id&quot;:&quot;&quot;,&quot;size&quot;:&quot;&quot;},&quot;jet_parallax_layout_speed&quot;:{&quot;unit&quot;:&quot;%&quot;,&quot;size&quot;:50,&quot;sizes&quot;:[]},&quot;jet_parallax_layout_type&quot;:&quot;scroll&quot;,&quot;jet_parallax_layout_direction&quot;:&quot;1&quot;,&quot;jet_parallax_layout_fx_direction&quot;:null,&quot;jet_parallax_layout_z_index&quot;:&quot;&quot;,&quot;jet_parallax_layout_bg_x&quot;:50,&quot;jet_parallax_layout_bg_x_tablet&quot;:&quot;&quot;,&quot;jet_parallax_layout_bg_x_mobile&quot;:&quot;&quot;,&quot;jet_parallax_layout_bg_y&quot;:50,&quot;jet_parallax_layout_bg_y_tablet&quot;:&quot;&quot;,&quot;jet_parallax_layout_bg_y_mobile&quot;:&quot;&quot;,&quot;jet_parallax_layout_bg_size&quot;:&quot;auto&quot;,&quot;jet_parallax_layout_bg_size_tablet&quot;:&quot;&quot;,&quot;jet_parallax_layout_bg_size_mobile&quot;:&quot;&quot;,&quot;jet_parallax_layout_animation_prop&quot;:&quot;transform&quot;,&quot;jet_parallax_layout_on&quot;:[&quot;desktop&quot;,&quot;tablet&quot;]}]}\">\n\t\t\t\t\t\t<div class=\"elementor-container elementor-column-gap-wide\">\n\t\t\t\t\t<div class=\"elementor-column elementor-col-33 elementor-top-column elementor-element elementor-element-34e8713\" data-id=\"34e8713\" data-element_type=\"column\">\n\t\t\t<div class=\"elementor-widget-wrap elementor-element-populated\">\n\t\t\t\t\t\t<div class=\"elementor-element elementor-element-8d62f77 elementor-widget elementor-widget-text-editor\" data-id=\"8d62f77\" data-element_type=\"widget\" data-widget_type=\"text-editor.default\">\n\t\t\t\t<div class=\"elementor-widget-container\">\n\t\t\t\t\t\t\t\t\t<h4><strong>Verantwortlicher i. S. d. Digitale-Dienste-Gesetz:<\/strong><\/h4><p><b>Deep Content GmbH<\/b><br \/>Karl-Wiechert-Allee 10<br \/>30625 Hannover<br \/>Deutschland<\/p><p>Postfach 61 04 07<br \/>30604 Hannover<\/p><p>Telefon: +491717808216<\/p><p>E-Mail: redaktion[at]space4games.com<\/p><div><div><strong>Vertretungsberechtigte Gesch\u00e4ftsf\u00fchrer:<br \/><\/strong>Benjamin Danneberg<br \/>Matthias Bastian<br \/>(Anschrift und Kontakt s.o.)<\/div><div><strong><br \/>Umsatzsteuer-ID:<\/strong><\/div><\/div><p>DE366077211<\/p><p><strong>Handelsregister:<\/strong> <br \/>HRB 226465<\/p><p><strong>Registergericht:<\/strong> <br \/>Amtsgericht Hannover<\/p><p>Ein Unternehmen der <a href=\"https:\/\/www.heise-gruppe.de\/\" target=\"_blank\" rel=\"external noopener\">Heise Gruppe<\/a>.<\/p><div><div><strong>Inhaltlich Verantwortliche gem. \u00a7 18 Abs. 2 MStV:<\/strong><\/div><\/div><p>Josef Erl<br \/>J\u00e4gerstr. 7c<br \/>84337 Sch\u00f6nau<br \/>Deutschland<\/p><p><strong>St\u00e4ndige redaktionelle Mitarbeiter:<\/strong><\/p><p>Ilona Frank<\/p>\t\t\t\t\t\t\t\t<\/div>\n\t\t\t\t<\/div>\n\t\t\t\t<div class=\"elementor-element elementor-element-c2330a4 elementor-widget-divider--view-line elementor-widget elementor-widget-divider\" data-id=\"c2330a4\" data-element_type=\"widget\" data-widget_type=\"divider.default\">\n\t\t\t\t<div class=\"elementor-widget-container\">\n\t\t\t\t\t\t\t<div class=\"elementor-divider\">\n\t\t\t<span class=\"elementor-divider-separator\">\n\t\t\t\t\t\t<\/span>\n\t\t<\/div>\n\t\t\t\t\t\t<\/div>\n\t\t\t\t<\/div>\n\t\t\t\t<div class=\"elementor-element elementor-element-634fd7c elementor-widget elementor-widget-text-editor\" data-id=\"634fd7c\" data-element_type=\"widget\" data-widget_type=\"text-editor.default\">\n\t\t\t\t<div class=\"elementor-widget-container\">\n\t\t\t\t\t\t\t\t\t<h4><strong>Jugendschutzbeauftragter:<\/strong><\/h4><p>Benjamin Danneberg<br \/>jugendschutz[at]space4games.com<\/p>\t\t\t\t\t\t\t\t<\/div>\n\t\t\t\t<\/div>\n\t\t\t\t\t<\/div>\n\t\t<\/div>\n\t\t\t\t<div class=\"elementor-column elementor-col-66 elementor-top-column elementor-element elementor-element-7e4cb57\" data-id=\"7e4cb57\" data-element_type=\"column\">\n\t\t\t<div class=\"elementor-widget-wrap elementor-element-populated\">\n\t\t\t\t\t\t<div class=\"elementor-element elementor-element-337e3d0 elementor-widget elementor-widget-text-editor\" data-id=\"337e3d0\" data-element_type=\"widget\" data-widget_type=\"text-editor.default\">\n\t\t\t\t<div class=\"elementor-widget-container\">\n\t\t\t\t\t\t\t\t\t<h4><strong>Haftung f\u00fcr Inhalte<\/strong><\/h4><p>Als Diensteanbieter sind wir gem\u00e4\u00df \u00a7 7 Abs.1 DDG f\u00fcr eigene Inhalte auf diesen Seiten nach den allgemeinen Gesetzen verantwortlich. Nach \u00a7\u00a7 8 bis 10 DDG sind wir als Diensteanbieter jedoch nicht verpflichtet, \u00fcbermittelte oder gespeicherte fremde Informationen zu \u00fcberwachen oder nach Umst\u00e4nden zu forschen, die auf eine rechtswidrige T\u00e4tigkeit hinweisen. Verpflichtungen zur Entfernung oder Sperrung der Nutzung von Informationen nach den allgemeinen Gesetzen bleiben hiervon unber\u00fchrt. Eine diesbez\u00fcgliche Haftung ist jedoch erst ab dem Zeitpunkt der Kenntnis einer konkreten Rechtsverletzung m\u00f6glich. Bei Bekanntwerden von entsprechenden Rechtsverletzungen werden wir diese Inhalte umgehend entfernen.<\/p>\t\t\t\t\t\t\t\t<\/div>\n\t\t\t\t<\/div>\n\t\t\t\t<div class=\"elementor-element elementor-element-2309136 elementor-widget elementor-widget-text-editor\" data-id=\"2309136\" data-element_type=\"widget\" data-widget_type=\"text-editor.default\">\n\t\t\t\t<div class=\"elementor-widget-container\">\n\t\t\t\t\t\t\t\t\t<h4><strong>Haftung f\u00fcr Links<\/strong><\/h4><p>Unser Angebot enth\u00e4lt Links zu externen Webseiten Dritter, auf deren Inhalte wir keinen Einfluss haben. Deshalb k\u00f6nnen wir f\u00fcr diese fremden Inhalte auch keine Gew\u00e4hr \u00fcbernehmen. F\u00fcr die Inhalte der verlinkten Seiten ist stets der jeweilige Anbieter oder Betreiber der Seiten verantwortlich. Die verlinkten Seiten wurden zum Zeitpunkt der Verlinkung auf m\u00f6gliche Rechtsverst\u00f6\u00dfe \u00fcberpr\u00fcft. Rechtswidrige Inhalte waren zum Zeitpunkt der Verlinkung nicht erkennbar. Eine permanente inhaltliche Kontrolle der verlinkten Seiten ist jedoch ohne konkrete Anhaltspunkte einer Rechtsverletzung nicht zumutbar. Bei Bekanntwerden von Rechtsverletzungen werden wir derartige Links umgehend entfernen.<\/p>\t\t\t\t\t\t\t\t<\/div>\n\t\t\t\t<\/div>\n\t\t\t\t<div class=\"elementor-element elementor-element-907a9c8 elementor-widget elementor-widget-text-editor\" data-id=\"907a9c8\" data-element_type=\"widget\" data-widget_type=\"text-editor.default\">\n\t\t\t\t<div class=\"elementor-widget-container\">\n\t\t\t\t\t\t\t\t\t<h4><strong>Urheberrecht<\/strong><\/h4><p>Die durch die Seitenbetreiber erstellten Inhalte und Werke auf diesen Seiten unterliegen dem deutschen Urheberrecht. Die Vervielf\u00e4ltigung, Bearbeitung, Verbreitung und jede Art der Verwertung au\u00dferhalb der Grenzen des Urheberrechtes bed\u00fcrfen der schriftlichen Zustimmung des jeweiligen Autors bzw. Erstellers. Downloads und Kopien dieser Seite sind nur f\u00fcr den privaten, nicht kommerziellen Gebrauch gestattet. Soweit die Inhalte auf dieser Seite nicht vom Betreiber erstellt wurden, werden die Urheberrechte Dritter beachtet. Insbesondere werden Inhalte Dritter als solche gekennzeichnet. Sollten Sie trotzdem auf eine Urheberrechtsverletzung aufmerksam werden, bitten wir um einen entsprechenden Hinweis. Bei Bekanntwerden von Rechtsverletzungen werden wir derartige Inhalte umgehend entfernen.<\/p>\t\t\t\t\t\t\t\t<\/div>\n\t\t\t\t<\/div>\n\t\t\t\t\t<\/div>\n\t\t<\/div>\n\t\t\t\t\t<\/div>\n\t\t<\/section>\n\t\t\t\t<\/div>\n\t\t","protected":false},"excerpt":{"rendered":"<p>Verantwortlicher i. S. d. Digitale-Dienste-Gesetz: Deep Content GmbHKarl-Wiechert-Allee 1030625 HannoverDeutschland Postfach 61 04 0730604 Hannover Telefon: +491717808216 E-Mail: redaktion[at]space4games.com Vertretungsberechtigte Gesch\u00e4ftsf\u00fchrer:Benjamin DannebergMatthias Bastian(Anschrift und Kontakt s.o.)Umsatzsteuer-ID: DE366077211 Handelsregister: HRB 226465 Registergericht: Amtsgericht Hannover Ein Unternehmen der Heise Gruppe. Inhaltlich Verantwortliche gem. \u00a7 18 Abs. 2 MStV: Josef ErlJ\u00e4gerstr. 7c84337 Sch\u00f6nauDeutschland St\u00e4ndige redaktionelle Mitarbeiter: Ilona Frank [&hellip;]<\/p>\n","protected":false},"author":9,"featured_media":0,"parent":0,"menu_order":0,"comment_status":"closed","ping_status":"closed","template":"","meta":{"advgb_blocks_editor_width":"","advgb_blocks_columns_visual_guide":"","footnotes":""},"class_list":["post-1934","page","type-page","status-publish","hentry","wpbf-post"],"yoast_head":"<!-- This site is optimized with the Yoast SEO Premium plugin v25.9 (Yoast SEO v27.3) - https:\/\/yoast.com\/product\/yoast-seo-premium-wordpress\/ -->\n<title>Impressum &#8902; SPACE4GAMES<\/title>\n<meta name=\"robots\" content=\"index, follow, max-snippet:-1, max-image-preview:large, max-video-preview:-1\" \/>\n<link rel=\"canonical\" href=\"https:\/\/space4games.com\/de\/impressum\/\" \/>\n<meta property=\"og:locale\" content=\"de_DE\" \/>\n<meta property=\"og:type\" content=\"article\" \/>\n<meta property=\"og:title\" content=\"Impressum\" \/>\n<meta property=\"og:description\" content=\"Verantwortlicher i. S. d. Digitale-Dienste-Gesetz: Deep Content GmbHKarl-Wiechert-Allee 1030625 HannoverDeutschland Postfach 61 04 0730604 Hannover Telefon: +491717808216 E-Mail: redaktion[at]space4games.com Vertretungsberechtigte Gesch\u00e4ftsf\u00fchrer:Benjamin DannebergMatthias Bastian(Anschrift und Kontakt s.o.)Umsatzsteuer-ID: DE366077211 Handelsregister: HRB 226465 Registergericht: Amtsgericht Hannover Ein Unternehmen der Heise Gruppe. Inhaltlich Verantwortliche gem. \u00a7 18 Abs. 2 MStV: Josef ErlJ\u00e4gerstr. 7c84337 Sch\u00f6nauDeutschland St\u00e4ndige redaktionelle Mitarbeiter: Ilona Frank [&hellip;]\" \/>\n<meta property=\"og:url\" content=\"https:\/\/space4games.com\/de\/impressum\/\" \/>\n<meta property=\"og:site_name\" content=\"SPACE4GAMES\" \/>\n<meta property=\"article:publisher\" content=\"https:\/\/www.facebook.com\/S4GxMXD\/\" \/>\n<meta property=\"article:modified_time\" content=\"2025-07-10T11:26:14+00:00\" \/>\n<meta property=\"og:image\" content=\"https:\/\/space4games.com\/wp-content\/uploads\/S4G_Social_1200x630.jpg\" \/>\n\t<meta property=\"og:image:width\" content=\"1200\" \/>\n\t<meta property=\"og:image:height\" content=\"630\" \/>\n\t<meta property=\"og:image:type\" content=\"image\/jpeg\" \/>\n<meta name=\"twitter:card\" content=\"summary_large_image\" \/>\n<meta name=\"twitter:site\" content=\"@S4G_de\" \/>\n<script type=\"application\/ld+json\" class=\"yoast-schema-graph\">{\"@context\":\"https:\\\/\\\/schema.org\",\"@graph\":[{\"@type\":\"WebPage\",\"@id\":\"https:\\\/\\\/space4games.com\\\/de\\\/impressum\\\/\",\"url\":\"https:\\\/\\\/space4games.com\\\/de\\\/impressum\\\/\",\"name\":\"Impressum &#8902; SPACE4GAMES\",\"isPartOf\":{\"@id\":\"https:\\\/\\\/space4games.com\\\/de\\\/#website\"},\"datePublished\":\"2019-11-04T09:31:07+00:00\",\"dateModified\":\"2025-07-10T11:26:14+00:00\",\"breadcrumb\":{\"@id\":\"https:\\\/\\\/space4games.com\\\/de\\\/impressum\\\/#breadcrumb\"},\"inLanguage\":\"de\",\"potentialAction\":[{\"@type\":\"ReadAction\",\"target\":[\"https:\\\/\\\/space4games.com\\\/de\\\/impressum\\\/\"]}]},{\"@type\":\"BreadcrumbList\",\"@id\":\"https:\\\/\\\/space4games.com\\\/de\\\/impressum\\\/#breadcrumb\",\"itemListElement\":[{\"@type\":\"ListItem\",\"position\":1,\"name\":\"Startseite\",\"item\":\"https:\\\/\\\/space4games.com\\\/de\\\/\"},{\"@type\":\"ListItem\",\"position\":2,\"name\":\"Impressum\"}]},{\"@type\":\"WebSite\",\"@id\":\"https:\\\/\\\/space4games.com\\\/de\\\/#website\",\"url\":\"https:\\\/\\\/space4games.com\\\/de\\\/\",\"name\":\"SPACE4GAMES\",\"description\":\"Gaming, Virtual Reality &amp; Entertainment\",\"publisher\":{\"@id\":\"https:\\\/\\\/space4games.com\\\/de\\\/#organization\"},\"potentialAction\":[{\"@type\":\"SearchAction\",\"target\":{\"@type\":\"EntryPoint\",\"urlTemplate\":\"https:\\\/\\\/space4games.com\\\/de\\\/?s={search_term_string}\"},\"query-input\":{\"@type\":\"PropertyValueSpecification\",\"valueRequired\":true,\"valueName\":\"search_term_string\"}}],\"inLanguage\":\"de\"},{\"@type\":\"Organization\",\"@id\":\"https:\\\/\\\/space4games.com\\\/de\\\/#organization\",\"name\":\"SPACE4GAMES\",\"url\":\"https:\\\/\\\/space4games.com\\\/de\\\/\",\"logo\":{\"@type\":\"ImageObject\",\"inLanguage\":\"de\",\"@id\":\"https:\\\/\\\/space4games.com\\\/de\\\/#\\\/schema\\\/logo\\\/image\\\/\",\"url\":\"https:\\\/\\\/space4games.com\\\/wp-content\\\/uploads\\\/Logo_SPACE4GAMES_Organisation_Google.png\",\"contentUrl\":\"https:\\\/\\\/space4games.com\\\/wp-content\\\/uploads\\\/Logo_SPACE4GAMES_Organisation_Google.png\",\"width\":763,\"height\":120,\"caption\":\"SPACE4GAMES\"},\"image\":{\"@id\":\"https:\\\/\\\/space4games.com\\\/de\\\/#\\\/schema\\\/logo\\\/image\\\/\"},\"sameAs\":[\"https:\\\/\\\/www.facebook.com\\\/S4GxMXD\\\/\",\"https:\\\/\\\/x.com\\\/S4G_de\",\"https:\\\/\\\/www.instagram.com\\\/s4g_de\\\/\"]}]}<\/script>\n<!-- \/ Yoast SEO Premium plugin. -->","yoast_head_json":{"title":"Impressum &#8902; SPACE4GAMES","robots":{"index":"index","follow":"follow","max-snippet":"max-snippet:-1","max-image-preview":"max-image-preview:large","max-video-preview":"max-video-preview:-1"},"canonical":"https:\/\/space4games.com\/de\/impressum\/","og_locale":"de_DE","og_type":"article","og_title":"Impressum","og_description":"Verantwortlicher i. S. d. Digitale-Dienste-Gesetz: Deep Content GmbHKarl-Wiechert-Allee 1030625 HannoverDeutschland Postfach 61 04 0730604 Hannover Telefon: +491717808216 E-Mail: redaktion[at]space4games.com Vertretungsberechtigte Gesch\u00e4ftsf\u00fchrer:Benjamin DannebergMatthias Bastian(Anschrift und Kontakt s.o.)Umsatzsteuer-ID: DE366077211 Handelsregister: HRB 226465 Registergericht: Amtsgericht Hannover Ein Unternehmen der Heise Gruppe. Inhaltlich Verantwortliche gem. \u00a7 18 Abs. 2 MStV: Josef ErlJ\u00e4gerstr. 7c84337 Sch\u00f6nauDeutschland St\u00e4ndige redaktionelle Mitarbeiter: Ilona Frank [&hellip;]","og_url":"https:\/\/space4games.com\/de\/impressum\/","og_site_name":"SPACE4GAMES","article_publisher":"https:\/\/www.facebook.com\/S4GxMXD\/","article_modified_time":"2025-07-10T11:26:14+00:00","og_image":[{"width":1200,"height":630,"url":"https:\/\/space4games.com\/wp-content\/uploads\/S4G_Social_1200x630.jpg","type":"image\/jpeg"}],"twitter_card":"summary_large_image","twitter_site":"@S4G_de","schema":{"@context":"https:\/\/schema.org","@graph":[{"@type":"WebPage","@id":"https:\/\/space4games.com\/de\/impressum\/","url":"https:\/\/space4games.com\/de\/impressum\/","name":"Impressum &#8902; SPACE4GAMES","isPartOf":{"@id":"https:\/\/space4games.com\/de\/#website"},"datePublished":"2019-11-04T09:31:07+00:00","dateModified":"2025-07-10T11:26:14+00:00","breadcrumb":{"@id":"https:\/\/space4games.com\/de\/impressum\/#breadcrumb"},"inLanguage":"de","potentialAction":[{"@type":"ReadAction","target":["https:\/\/space4games.com\/de\/impressum\/"]}]},{"@type":"BreadcrumbList","@id":"https:\/\/space4games.com\/de\/impressum\/#breadcrumb","itemListElement":[{"@type":"ListItem","position":1,"name":"Startseite","item":"https:\/\/space4games.com\/de\/"},{"@type":"ListItem","position":2,"name":"Impressum"}]},{"@type":"WebSite","@id":"https:\/\/space4games.com\/de\/#website","url":"https:\/\/space4games.com\/de\/","name":"SPACE4GAMES","description":"Gaming, Virtual Reality &amp; Entertainment","publisher":{"@id":"https:\/\/space4games.com\/de\/#organization"},"potentialAction":[{"@type":"SearchAction","target":{"@type":"EntryPoint","urlTemplate":"https:\/\/space4games.com\/de\/?s={search_term_string}"},"query-input":{"@type":"PropertyValueSpecification","valueRequired":true,"valueName":"search_term_string"}}],"inLanguage":"de"},{"@type":"Organization","@id":"https:\/\/space4games.com\/de\/#organization","name":"SPACE4GAMES","url":"https:\/\/space4games.com\/de\/","logo":{"@type":"ImageObject","inLanguage":"de","@id":"https:\/\/space4games.com\/de\/#\/schema\/logo\/image\/","url":"https:\/\/space4games.com\/wp-content\/uploads\/Logo_SPACE4GAMES_Organisation_Google.png","contentUrl":"https:\/\/space4games.com\/wp-content\/uploads\/Logo_SPACE4GAMES_Organisation_Google.png","width":763,"height":120,"caption":"SPACE4GAMES"},"image":{"@id":"https:\/\/space4games.com\/de\/#\/schema\/logo\/image\/"},"sameAs":["https:\/\/www.facebook.com\/S4GxMXD\/","https:\/\/x.com\/S4G_de","https:\/\/www.instagram.com\/s4g_de\/"]}]}},"wp-worthy-pixel":{"ignored":false,"public":null,"server":null,"url":null},"wp-worthy-type":"normal","coauthors":[],"author_meta":{"author_link":"https:\/\/space4games.com\/de\/author\/s4g_redakteur\/","display_name":"SPACE4GAMES"},"relative_dates":{"created":"Posted 6\u00a0Jahren ago","modified":"Updated 9\u00a0Monaten ago"},"absolute_dates":{"created":"Posted on 4. November 2019","modified":"Updated on 10. Juli 2025"},"absolute_dates_time":{"created":"Posted on 4. November 2019 11:31","modified":"Updated on 10. Juli 2025 13:26"},"featured_img_caption":"","featured_img":false,"series_order":"","_links":{"self":[{"href":"https:\/\/space4games.com\/de\/wp-json\/wp\/v2\/pages\/1934","targetHints":{"allow":["GET"]}}],"collection":[{"href":"https:\/\/space4games.com\/de\/wp-json\/wp\/v2\/pages"}],"about":[{"href":"https:\/\/space4games.com\/de\/wp-json\/wp\/v2\/types\/page"}],"author":[{"embeddable":true,"href":"https:\/\/space4games.com\/de\/wp-json\/wp\/v2\/users\/9"}],"replies":[{"embeddable":true,"href":"https:\/\/space4games.com\/de\/wp-json\/wp\/v2\/comments?post=1934"}],"version-history":[{"count":22,"href":"https:\/\/space4games.com\/de\/wp-json\/wp\/v2\/pages\/1934\/revisions"}],"predecessor-version":[{"id":59803,"href":"https:\/\/space4games.com\/de\/wp-json\/wp\/v2\/pages\/1934\/revisions\/59803"}],"wp:attachment":[{"href":"https:\/\/space4games.com\/de\/wp-json\/wp\/v2\/media?parent=1934"}],"curies":[{"name":"wp","href":"https:\/\/api.w.org\/{rel}","templated":true}]}}